{"id":1482,"date":"2022-04-14T11:00:08","date_gmt":"2022-04-14T10:00:08","guid":{"rendered":"http:\/\/www.ariadnaconsultores.es\/news\/"},"modified":"2022-05-10T16:52:08","modified_gmt":"2022-05-10T15:52:08","slug":"news","status":"publish","type":"page","link":"https:\/\/www.ariadnaconsultores.es\/en\/news\/","title":{"rendered":"News"},"content":{"rendered":"\t\t<div data-elementor-type=\"wp-page\" data-elementor-id=\"1482\" class=\"elementor elementor-1482 elementor-1123\" data-elementor-settings=\"[]\">\n\t\t\t\t\t\t\t<div class=\"elementor-section-wrap\">\n\t\t\t\t\t\t\t<section class=\"elementor-section elementor-top-section elementor-element elementor-element-bd2f2e9 elementor-section-full_width elementor-section-height-min-height elementor-section-height-default elementor-section-items-middle\" data-id=\"bd2f2e9\" data-element_type=\"section\" data-settings=\"{&quot;background_background&quot;:&quot;classic&quot;}\">\n\t\t\t\t\t\t\t<div class=\"elementor-background-overlay\"><\/div>\n\t\t\t\t\t\t\t<div class=\"elementor-container elementor-column-gap-no\">\n\t\t\t\t\t<div class=\"elementor-column elementor-col-100 elementor-top-column elementor-element elementor-element-8bfeaea\" data-id=\"8bfeaea\" data-element_type=\"column\">\n\t\t\t<div class=\"elementor-widget-wrap elementor-element-populated\">\n\t\t\t\t\t\t\t\t<div class=\"elementor-element elementor-element-afadb34 elementor-widget elementor-widget-spacer\" data-id=\"afadb34\" data-element_type=\"widget\" data-widget_type=\"spacer.default\">\n\t\t\t\t<div class=\"elementor-widget-container\">\n\t\t\t\t\t<div class=\"elementor-spacer\">\n\t\t\t<div class=\"elementor-spacer-inner\"><\/div>\n\t\t<\/div>\n\t\t\t\t<\/div>\n\t\t\t\t<\/div>\n\t\t\t\t<div class=\"elementor-element elementor-element-a896ea6 elementor-widget__width-initial elementor-widget elementor-widget-heading\" data-id=\"a896ea6\" data-element_type=\"widget\" data-widget_type=\"heading.default\">\n\t\t\t\t<div class=\"elementor-widget-container\">\n\t\t\t<style>\/*! elementor - v3.5.6 - 28-02-2022 *\/\n.elementor-heading-title{padding:0;margin:0;line-height:1}.elementor-widget-heading .elementor-heading-title[class*=elementor-size-]>a{color:inherit;font-size:inherit;line-height:inherit}.elementor-widget-heading .elementor-heading-title.elementor-size-small{font-size:15px}.elementor-widget-heading .elementor-heading-title.elementor-size-medium{font-size:19px}.elementor-widget-heading .elementor-heading-title.elementor-size-large{font-size:29px}.elementor-widget-heading .elementor-heading-title.elementor-size-xl{font-size:39px}.elementor-widget-heading .elementor-heading-title.elementor-size-xxl{font-size:59px}<\/style><span class=\"elementor-heading-title elementor-size-default\">News related to our company and the sector<\/span>\t\t<\/div>\n\t\t\t\t<\/div>\n\t\t\t\t\t<\/div>\n\t\t<\/div>\n\t\t\t\t\t\t\t<\/div>\n\t\t<\/section>\n\t\t\t\t<section class=\"elementor-section elementor-top-section elementor-element elementor-element-79d7d21 elementor-section-full_width elementor-section-height-min-height elementor-section-items-stretch elementor-hidden-mobile elementor-section-height-default\" data-id=\"79d7d21\" data-element_type=\"section\">\n\t\t\t\t\t\t<div class=\"elementor-container elementor-column-gap-no\">\n\t\t\t\t\t<div class=\"elementor-column elementor-col-100 elementor-top-column elementor-element elementor-element-94212b5\" data-id=\"94212b5\" data-element_type=\"column\">\n\t\t\t<div class=\"elementor-widget-wrap elementor-element-populated\">\n\t\t\t\t\t\t\t\t<div class=\"elementor-element elementor-element-1d4d934 elementor-widget elementor-widget-html\" data-id=\"1d4d934\" data-element_type=\"widget\" data-widget_type=\"html.default\">\n\t\t\t\t<div class=\"elementor-widget-container\">\n\t\t\t<div class=\"bottom-line\"><\/div><style>.bottom-line {\nposition: absolute;\nright: 0px;\nbottom: 0px;\nwidth: calc(40% + 274.8154224774405px);\nheight: 60px;\nbackground-image: initial;\nbackground-position-x: initial;\nbackground-position-y: initial;\nbackground-size: initial;\nbackground-repeat-x: initial;\nbackground-repeat-y: initial;\nbackground-attachment: initial;\nbackground-origin: initial;\nbackground-clip: initial;\nbackground-color: rgb(255, 255, 255);\nclip-path: polygon(30px 0px, 100% 0%, 100% 100%, 0px 100%);\nz-index: 1;\n}<\/style>\t\t<\/div>\n\t\t\t\t<\/div>\n\t\t\t\t\t<\/div>\n\t\t<\/div>\n\t\t\t\t\t\t\t<\/div>\n\t\t<\/section>\n\t\t\t\t<section class=\"elementor-section elementor-top-section elementor-element elementor-element-7e102a0 elementor-section-full_width elementor-section-height-min-height elementor-section-items-stretch elementor-section-content-middle elementor-section-height-default\" data-id=\"7e102a0\" data-element_type=\"section\" data-settings=\"{&quot;background_background&quot;:&quot;classic&quot;}\">\n\t\t\t\t\t\t<div class=\"elementor-container elementor-column-gap-default\">\n\t\t\t\t\t<div class=\"elementor-column elementor-col-50 elementor-top-column elementor-element elementor-element-e914ee8 torcida\" data-id=\"e914ee8\" data-element_type=\"column\">\n\t\t\t<div class=\"elementor-widget-wrap elementor-element-populated\">\n\t\t\t\t\t\t\t\t<div class=\"elementor-element elementor-element-f17d1ca elementor-widget__width-initial elementor-widget elementor-widget-heading\" data-id=\"f17d1ca\" data-element_type=\"widget\" data-widget_type=\"heading.default\">\n\t\t\t\t<div class=\"elementor-widget-container\">\n\t\t\t<h2 class=\"elementor-heading-title elementor-size-default\">News of interest<\/h2>\t\t<\/div>\n\t\t\t\t<\/div>\n\t\t\t\t<div class=\"elementor-element elementor-element-953e24e elementor-widget elementor-widget-spacer\" data-id=\"953e24e\" data-element_type=\"widget\" data-widget_type=\"spacer.default\">\n\t\t\t\t<div class=\"elementor-widget-container\">\n\t\t\t\t\t<div class=\"elementor-spacer\">\n\t\t\t<div class=\"elementor-spacer-inner\"><\/div>\n\t\t<\/div>\n\t\t\t\t<\/div>\n\t\t\t\t<\/div>\n\t\t\t\t<div class=\"elementor-element elementor-element-7f00b09 elementor-widget__width-initial elementor-widget elementor-widget-text-editor\" data-id=\"7f00b09\" data-element_type=\"widget\" data-widget_type=\"text-editor.default\">\n\t\t\t\t<div class=\"elementor-widget-container\">\n\t\t\t<style>\/*! elementor - v3.5.6 - 28-02-2022 *\/\n.elementor-widget-text-editor.elementor-drop-cap-view-stacked .elementor-drop-cap{background-color:#818a91;color:#fff}.elementor-widget-text-editor.elementor-drop-cap-view-framed .elementor-drop-cap{color:#818a91;border:3px solid;background-color:transparent}.elementor-widget-text-editor:not(.elementor-drop-cap-view-default) .elementor-drop-cap{margin-top:8px}.elementor-widget-text-editor:not(.elementor-drop-cap-view-default) .elementor-drop-cap-letter{width:1em;height:1em}.elementor-widget-text-editor .elementor-drop-cap{float:left;text-align:center;line-height:1;font-size:50px}.elementor-widget-text-editor .elementor-drop-cap-letter{display:inline-block}<\/style>\t\t\t\t<p>We present the latest news, developments or information of interest related to the field of aviation so that our customers are informed of what is happening in the sector.<\/p>\t\t\t\t\t\t<\/div>\n\t\t\t\t<\/div>\n\t\t\t\t\t<\/div>\n\t\t<\/div>\n\t\t\t\t<div class=\"elementor-column elementor-col-50 elementor-top-column elementor-element elementor-element-cb7a061\" data-id=\"cb7a061\" data-element_type=\"column\">\n\t\t\t<div class=\"elementor-widget-wrap elementor-element-populated\">\n\t\t\t\t\t\t\t\t<div class=\"elementor-element elementor-element-1804bcd elementor-widget elementor-widget-spacer\" data-id=\"1804bcd\" data-element_type=\"widget\" data-widget_type=\"spacer.default\">\n\t\t\t\t<div class=\"elementor-widget-container\">\n\t\t\t\t\t<div class=\"elementor-spacer\">\n\t\t\t<div class=\"elementor-spacer-inner\"><\/div>\n\t\t<\/div>\n\t\t\t\t<\/div>\n\t\t\t\t<\/div>\n\t\t\t\t\t<\/div>\n\t\t<\/div>\n\t\t\t\t\t\t\t<\/div>\n\t\t<\/section>\n\t\t\t\t<section class=\"elementor-section elementor-top-section elementor-element elementor-element-5677eb7 elementor-section-height-min-height elementor-section-boxed elementor-section-height-default elementor-section-items-middle\" data-id=\"5677eb7\" data-element_type=\"section\">\n\t\t\t\t\t\t\t<div class=\"elementor-background-overlay\"><\/div>\n\t\t\t\t\t\t\t<div class=\"elementor-container elementor-column-gap-default\">\n\t\t\t\t\t<div class=\"elementor-column elementor-col-100 elementor-top-column elementor-element elementor-element-39f5bce\" data-id=\"39f5bce\" data-element_type=\"column\">\n\t\t\t<div class=\"elementor-widget-wrap elementor-element-populated\">\n\t\t\t\t\t\t\t\t<div class=\"elementor-element elementor-element-89ed1ba elementor-grid-tablet-3 elementor-grid-3 elementor-grid-mobile-1 elementor-posts--thumbnail-top elementor-posts__hover-gradient elementor-widget elementor-widget-posts\" data-id=\"89ed1ba\" data-element_type=\"widget\" data-settings=\"{&quot;cards_columns_tablet&quot;:&quot;3&quot;,&quot;pagination_type&quot;:&quot;load_more_infinite_scroll&quot;,&quot;cards_columns&quot;:&quot;3&quot;,&quot;cards_columns_mobile&quot;:&quot;1&quot;,&quot;cards_row_gap&quot;:{&quot;unit&quot;:&quot;px&quot;,&quot;size&quot;:35,&quot;sizes&quot;:[]},&quot;cards_row_gap_tablet&quot;:{&quot;unit&quot;:&quot;px&quot;,&quot;size&quot;:&quot;&quot;,&quot;sizes&quot;:[]},&quot;cards_row_gap_mobile&quot;:{&quot;unit&quot;:&quot;px&quot;,&quot;size&quot;:&quot;&quot;,&quot;sizes&quot;:[]},&quot;load_more_spinner&quot;:{&quot;value&quot;:&quot;fas fa-spinner&quot;,&quot;library&quot;:&quot;fa-solid&quot;}}\" data-widget_type=\"posts.cards\">\n\t\t\t\t<div class=\"elementor-widget-container\">\n\t\t\t<link rel=\"stylesheet\" href=\"https:\/\/www.ariadnaconsultores.es\/wp-content\/plugins\/pro-elements\/assets\/css\/widget-posts.min.css\">\t\t<div class=\"elementor-posts-container elementor-posts elementor-posts--skin-cards elementor-grid\">\n\t\t\t\t<article class=\"elementor-post elementor-grid-item post-1488 post type-post status-publish format-standard has-post-thumbnail hentry category-general\">\n\t\t\t<div class=\"elementor-post__card\">\n\t\t\t\t<a class=\"elementor-post__thumbnail__link\" href=\"https:\/\/www.ariadnaconsultores.es\/en\/ariadna-consultores-es-seleccionada-por-oaci\/\" ><div class=\"elementor-post__thumbnail\"><img width=\"768\" height=\"512\" src=\"https:\/\/www.ariadnaconsultores.es\/wp-content\/uploads\/ariadna-foto03-768x512.jpg\" class=\"attachment-medium_large size-medium_large\" alt=\"\" loading=\"lazy\" srcset=\"https:\/\/www.ariadnaconsultores.es\/wp-content\/uploads\/ariadna-foto03-768x512.jpg 768w, https:\/\/www.ariadnaconsultores.es\/wp-content\/uploads\/ariadna-foto03-300x200.jpg 300w, https:\/\/www.ariadnaconsultores.es\/wp-content\/uploads\/ariadna-foto03-1024x683.jpg 1024w, https:\/\/www.ariadnaconsultores.es\/wp-content\/uploads\/ariadna-foto03-1536x1024.jpg 1536w, https:\/\/www.ariadnaconsultores.es\/wp-content\/uploads\/ariadna-foto03.jpg 1920w\" sizes=\"(max-width: 768px) 100vw, 768px\" \/><\/div><\/a>\n\t\t\t\t<div class=\"elementor-post__text\">\n\t\t\t\t<h3 class=\"elementor-post__title\">\n\t\t\t<a href=\"https:\/\/www.ariadnaconsultores.es\/en\/ariadna-consultores-es-seleccionada-por-oaci\/\" >\n\t\t\t\tAriadna Consultores es seleccionada por OACI\t\t\t<\/a>\n\t\t<\/h3>\n\t\t\t\t<div class=\"elementor-post__excerpt\">\n\t\t\t<p>Ariadna Consultores es seleccionada por OACI juntamente con Acciona Ingenieria para la elaboraci\u00f3n de un estudio de impacto amiental, econ\u00f3mico y social para el nuevo<\/p>\n\t\t<\/div>\n\t\t\t\t\t<a class=\"elementor-post__read-more\" href=\"https:\/\/www.ariadnaconsultores.es\/en\/ariadna-consultores-es-seleccionada-por-oaci\/\" >\n\t\t\t\tRead more \u00bb\t\t\t<\/a>\n\t\t\t\t<\/div>\n\t\t\t\t\t<\/div>\n\t\t<\/article>\n\t\t\t\t<article class=\"elementor-post elementor-grid-item post-1489 post type-post status-publish format-standard has-post-thumbnail hentry category-general\">\n\t\t\t<div class=\"elementor-post__card\">\n\t\t\t\t<a class=\"elementor-post__thumbnail__link\" href=\"https:\/\/www.ariadnaconsultores.es\/en\/ariadna-consultores-finaliza-su-labor-como-project-managment\/\" ><div class=\"elementor-post__thumbnail\"><img width=\"768\" height=\"512\" src=\"https:\/\/www.ariadnaconsultores.es\/wp-content\/uploads\/ariadna-foto02-768x512.jpg\" class=\"attachment-medium_large size-medium_large\" alt=\"\" loading=\"lazy\" srcset=\"https:\/\/www.ariadnaconsultores.es\/wp-content\/uploads\/ariadna-foto02-768x512.jpg 768w, https:\/\/www.ariadnaconsultores.es\/wp-content\/uploads\/ariadna-foto02-300x200.jpg 300w, https:\/\/www.ariadnaconsultores.es\/wp-content\/uploads\/ariadna-foto02-1024x683.jpg 1024w, https:\/\/www.ariadnaconsultores.es\/wp-content\/uploads\/ariadna-foto02-1536x1024.jpg 1536w, https:\/\/www.ariadnaconsultores.es\/wp-content\/uploads\/ariadna-foto02.jpg 1920w\" sizes=\"(max-width: 768px) 100vw, 768px\" \/><\/div><\/a>\n\t\t\t\t<div class=\"elementor-post__text\">\n\t\t\t\t<h3 class=\"elementor-post__title\">\n\t\t\t<a href=\"https:\/\/www.ariadnaconsultores.es\/en\/ariadna-consultores-finaliza-su-labor-como-project-managment\/\" >\n\t\t\t\tAriadna Consultores completes its work as Project Manager\t\t\t<\/a>\n\t\t<\/h3>\n\t\t\t\t<div class=\"elementor-post__excerpt\">\n\t\t\t<p>In June 2011, the Ariadna Consultores team completed its work as Project Manager for the preparation of the bid and the technical and economic evaluation<\/p>\n\t\t<\/div>\n\t\t\t\t\t<a class=\"elementor-post__read-more\" href=\"https:\/\/www.ariadnaconsultores.es\/en\/ariadna-consultores-finaliza-su-labor-como-project-managment\/\" >\n\t\t\t\tRead more \u00bb\t\t\t<\/a>\n\t\t\t\t<\/div>\n\t\t\t\t\t<\/div>\n\t\t<\/article>\n\t\t\t\t<article class=\"elementor-post elementor-grid-item post-1490 post type-post status-publish format-standard has-post-thumbnail hentry category-general\">\n\t\t\t<div class=\"elementor-post__card\">\n\t\t\t\t<a class=\"elementor-post__thumbnail__link\" href=\"https:\/\/www.ariadnaconsultores.es\/en\/ariadna-consultores-consigue-la-certificacion-como-proveedor-de-servicios-atc\/\" ><div class=\"elementor-post__thumbnail\"><img width=\"768\" height=\"512\" src=\"https:\/\/www.ariadnaconsultores.es\/wp-content\/uploads\/ariadna-foto01-768x512.jpg\" class=\"attachment-medium_large size-medium_large\" alt=\"\" loading=\"lazy\" srcset=\"https:\/\/www.ariadnaconsultores.es\/wp-content\/uploads\/ariadna-foto01-768x512.jpg 768w, https:\/\/www.ariadnaconsultores.es\/wp-content\/uploads\/ariadna-foto01-300x200.jpg 300w, https:\/\/www.ariadnaconsultores.es\/wp-content\/uploads\/ariadna-foto01-1024x683.jpg 1024w, https:\/\/www.ariadnaconsultores.es\/wp-content\/uploads\/ariadna-foto01-1536x1024.jpg 1536w, https:\/\/www.ariadnaconsultores.es\/wp-content\/uploads\/ariadna-foto01.jpg 1920w\" sizes=\"(max-width: 768px) 100vw, 768px\" \/><\/div><\/a>\n\t\t\t\t<div class=\"elementor-post__text\">\n\t\t\t\t<h3 class=\"elementor-post__title\">\n\t\t\t<a href=\"https:\/\/www.ariadnaconsultores.es\/en\/ariadna-consultores-consigue-la-certificacion-como-proveedor-de-servicios-atc\/\" >\n\t\t\t\tAriadna Consultores achieves certification as ATC service provider\t\t\t<\/a>\n\t\t<\/h3>\n\t\t\t\t<div class=\"elementor-post__excerpt\">\n\t\t\t<p>Ariadna Consultores has prepared all the necessary documentation for the certification of the ACS\/Cobra subsidiary Etracontrol SA as a provider of training services and ATC<\/p>\n\t\t<\/div>\n\t\t\t\t\t<a class=\"elementor-post__read-more\" href=\"https:\/\/www.ariadnaconsultores.es\/en\/ariadna-consultores-consigue-la-certificacion-como-proveedor-de-servicios-atc\/\" >\n\t\t\t\tRead more \u00bb\t\t\t<\/a>\n\t\t\t\t<\/div>\n\t\t\t\t\t<\/div>\n\t\t<\/article>\n\t\t\t\t<article class=\"elementor-post elementor-grid-item post-1491 post type-post status-publish format-standard has-post-thumbnail hentry category-general\">\n\t\t\t<div class=\"elementor-post__card\">\n\t\t\t\t<a class=\"elementor-post__thumbnail__link\" href=\"https:\/\/www.ariadnaconsultores.es\/en\/ariadna-consultores-asesora-a-uno-de-los-mayores-grupos-empresariales-de-espana\/\" ><div class=\"elementor-post__thumbnail\"><img width=\"768\" height=\"512\" src=\"https:\/\/www.ariadnaconsultores.es\/wp-content\/uploads\/ariadna-foto06-768x512.jpg\" class=\"attachment-medium_large size-medium_large\" alt=\"\" loading=\"lazy\" srcset=\"https:\/\/www.ariadnaconsultores.es\/wp-content\/uploads\/ariadna-foto06-768x512.jpg 768w, https:\/\/www.ariadnaconsultores.es\/wp-content\/uploads\/ariadna-foto06-300x200.jpg 300w, https:\/\/www.ariadnaconsultores.es\/wp-content\/uploads\/ariadna-foto06-1024x683.jpg 1024w, https:\/\/www.ariadnaconsultores.es\/wp-content\/uploads\/ariadna-foto06-1536x1024.jpg 1536w, https:\/\/www.ariadnaconsultores.es\/wp-content\/uploads\/ariadna-foto06.jpg 1920w\" sizes=\"(max-width: 768px) 100vw, 768px\" \/><\/div><\/a>\n\t\t\t\t<div class=\"elementor-post__text\">\n\t\t\t\t<h3 class=\"elementor-post__title\">\n\t\t\t<a href=\"https:\/\/www.ariadnaconsultores.es\/en\/ariadna-consultores-asesora-a-uno-de-los-mayores-grupos-empresariales-de-espana\/\" >\n\t\t\t\tAriadna Consultores asesora a uno de los mayores grupos empresariales de Espa\u00f1a\t\t\t<\/a>\n\t\t<\/h3>\n\t\t\t\t<div class=\"elementor-post__excerpt\">\n\t\t\t<p>Ariadna Consultores asesora a uno de los mayores grupos empresariales de Espa\u00f1a en el proceso de liberalizaci\u00f3n de los servicios ATC de control de a\u00e9rodromo<\/p>\n\t\t<\/div>\n\t\t\t\t\t<a class=\"elementor-post__read-more\" href=\"https:\/\/www.ariadnaconsultores.es\/en\/ariadna-consultores-asesora-a-uno-de-los-mayores-grupos-empresariales-de-espana\/\" >\n\t\t\t\tRead more \u00bb\t\t\t<\/a>\n\t\t\t\t<\/div>\n\t\t\t\t\t<\/div>\n\t\t<\/article>\n\t\t\t\t<\/div>\n\n\n\t\t\t\t\t<span class=\"e-load-more-spinner\">\n\t\t\t\t<svg aria-hidden=\"true\" class=\"e-font-icon-svg e-fas-spinner\"><use xlink:href=\"#fas-spinner\" \/><\/svg>\t\t\t<\/span>\n\t\t\n\t\t\t\t<\/div>\n\t\t\t\t<\/div>\n\t\t\t\t<div class=\"elementor-element elementor-element-707b2db elementor-widget elementor-widget-spacer\" data-id=\"707b2db\" data-element_type=\"widget\" data-widget_type=\"spacer.default\">\n\t\t\t\t<div class=\"elementor-widget-container\">\n\t\t\t\t\t<div class=\"elementor-spacer\">\n\t\t\t<div class=\"elementor-spacer-inner\"><\/div>\n\t\t<\/div>\n\t\t\t\t<\/div>\n\t\t\t\t<\/div>\n\t\t\t\t\t<\/div>\n\t\t<\/div>\n\t\t\t\t\t\t\t<\/div>\n\t\t<\/section>\n\t\t\t\t\t\t<\/div>\n\t\t\t\t\t<\/div>\n\t\t","protected":false},"excerpt":{"rendered":"<p>News related to our company and the sector News of interest We present the latest news, developments or information of interest related to the field of aviation so that our customers are informed of what is happening in the sector.<\/p>\n","protected":false},"author":1,"featured_media":0,"parent":0,"menu_order":0,"comment_status":"closed","ping_status":"closed","template":"","meta":[],"_links":{"self":[{"href":"https:\/\/www.ariadnaconsultores.es\/en\/wp-json\/wp\/v2\/pages\/1482"}],"collection":[{"href":"https:\/\/www.ariadnaconsultores.es\/en\/wp-json\/wp\/v2\/pages"}],"about":[{"href":"https:\/\/www.ariadnaconsultores.es\/en\/wp-json\/wp\/v2\/types\/page"}],"author":[{"embeddable":true,"href":"https:\/\/www.ariadnaconsultores.es\/en\/wp-json\/wp\/v2\/users\/1"}],"replies":[{"embeddable":true,"href":"https:\/\/www.ariadnaconsultores.es\/en\/wp-json\/wp\/v2\/comments?post=1482"}],"version-history":[{"count":0,"href":"https:\/\/www.ariadnaconsultores.es\/en\/wp-json\/wp\/v2\/pages\/1482\/revisions"}],"wp:attachment":[{"href":"https:\/\/www.ariadnaconsultores.es\/en\/wp-json\/wp\/v2\/media?parent=1482"}],"curies":[{"name":"wp","href":"https:\/\/api.w.org\/{rel}","templated":true}]}}